{"id":227,"date":"2021-09-25T14:49:40","date_gmt":"2021-09-25T14:49:40","guid":{"rendered":"https:\/\/webredox.net\/demo\/wp\/bauen\/light\/multi\/demo1\/?page_id=9"},"modified":"2025-12-09T13:43:57","modified_gmt":"2025-12-09T13:43:57","slug":"pagina-inicial","status":"publish","type":"page","link":"https:\/\/hotelmargemdouro.com\/","title":{"rendered":"P\u00e1gina Inicial"},"content":{"rendered":"<header data-scroll-index=\"0\">\n            <!-- The opacity on the image is made with \"data-overlay-dark=\"number\". You can change it using the numbers 0-9. --><\/p>\n<h1>\n\t\t\t\t\t\t\t\t\t\t\t\t\t\t\t\t\t\tOnde a Tradi\u00e7\u00e3o Encontra o Conforto\t\t\t\t\t\t\t\t\t\t\t\t\t\t\t\t\t<\/h1>\n<p>Descubra um ref\u00fagio acolhedor no cora\u00e7\u00e3o de Gondomar. Inspirado na riqueza cultural do Douro e na arte da ourivesaria local, o nosso hotel oferece uma estadia aut\u00eantica, relaxante e memor\u00e1vel.<\/p>\n<h1>\n\t\t\t\t\t\t\t\t\t\t\t\t\t\t\t\t\t\tDurma no Cora\u00e7\u00e3o do Douro\t\t\t\t\t\t\t\t\t\t\t\t\t\t\t\t\t<\/h1>\n<p>Acorde com vistas deslumbrantes para o Douro e mergulhe na ess\u00eancia da regi\u00e3o. O Hotel Margem D\u2019Ouro combina hospitalidade calorosa, gastronomia de excel\u00eancia e ambientes inspirados na tradi\u00e7\u00e3o local.<\/p>\n<ul>\n<li> <a href=\"#\" target=\"_blank\" rel=\"noopener noreferrer\"><\/a><\/li>\n<li> <a href=\"#\" target=\"_blank\" rel=\"noopener noreferrer\"><\/a><\/li>\n<li> <a href=\"#\" target=\"_blank\" rel=\"noopener noreferrer\"><\/a><\/li>\n<li> <a href=\"#\" target=\"_blank\" rel=\"noopener noreferrer\"><\/a><\/li>\n<\/ul>\n<\/header>\n<h2>Hotel Margem  D\u2019Ouro <\/h2>\n<p><p data-start=\"363\" data-end=\"548\">\u00c0s margens do rio Douro, em pleno cora\u00e7\u00e3o de Gondomar, encontra o <strong data-start=\"429\" data-end=\"452\">Hotel Margem D\u2019Ouro<\/strong> \u2013 um espa\u00e7o \u00fanico que combina a hospitalidade contempor\u00e2nea com a riqueza cultural da regi\u00e3o.<\/p>\n<p data-start=\"550\" data-end=\"796\">Mais do que um hotel, somos um <strong data-start=\"581\" data-end=\"596\">hotel-museu<\/strong>, onde cada quarto conta uma hist\u00f3ria inspirada na tradi\u00e7\u00e3o da ourivesaria local. Aqui, a <strong data-start=\"686\" data-end=\"727\">cultura, o conforto e a autenticidade<\/strong> unem-se para transformar a sua estadia numa experi\u00eancia memor\u00e1vel.<\/p>\n<\/p>\n<p>\t\t\t\t\t <img decoding=\"async\" src=\"http:\/\/hotelmargemdouro.com\/wp-content\/uploads\/2025\/12\/WhatsApp-Image-2025-12-03-at-17.47.24_0bdbc2c8.jpg\" alt=\"\"> <\/p>\n<h2>Descubra o   Nosso Hotel <\/h2>\n<p>\t\t\t\t\t    <svg aria-hidden=\"true\" viewBox=\"0 0 640 512\" xmlns=\"http:\/\/www.w3.org\/2000\/svg\"><path d=\"M176 256c44.11 0 80-35.89 80-80s-35.89-80-80-80-80 35.89-80 80 35.89 80 80 80zm352-128H304c-8.84 0-16 7.16-16 16v144H64V80c0-8.84-7.16-16-16-16H16C7.16 64 0 71.16 0 80v352c0 8.84 7.16 16 16 16h32c8.84 0 16-7.16 16-16v-48h512v48c0 8.84 7.16 16 16 16h32c8.84 0 16-7.16 16-16V240c0-61.86-50.14-112-112-112z\"><\/path><\/svg>\t\t\t\t\t\t<\/p>\n<h5>Quartos &#038; Suites<\/h5>\n<p>Desde op\u00e7\u00f5es acolhedoras a suites exclusivas, todas decoradas com inspira\u00e7\u00e3o cultural.<\/p>\n<p>\t\t\t\t\t\t\t\t\t\t01<br \/>\n\t\t\t\t\t    <svg aria-hidden=\"true\" viewBox=\"0 0 496 512\" xmlns=\"http:\/\/www.w3.org\/2000\/svg\"><path d=\"M248 8C111 8 0 119 0 256s111 248 248 248 248-111 248-248S385 8 248 8zM88 256H56c0-105.9 86.1-192 192-192v32c-88.2 0-160 71.8-160 160zm160 96c-53 0-96-43-96-96s43-96 96-96 96 43 96 96-43 96-96 96zm0-128c-17.7 0-32 14.3-32 32s14.3 32 32 32 32-14.3 32-32-14.3-32-32-32z\"><\/path><\/svg>\t\t\t\t\t\t<\/p>\n<h5>Restaurante &#038; Ementa<\/h5>\n<p>Uma fus\u00e3o de sabores do Douro e pratos tradicionais portugueses reinventados.<\/p>\n<p>\t\t\t\t\t\t\t\t\t\t02<br \/>\n\t\t\t\t\t    <svg aria-hidden=\"true\" viewBox=\"0 0 512 512\" xmlns=\"http:\/\/www.w3.org\/2000\/svg\"><path d=\"M256 8C119 8 8 119 8 256s111 248 248 248 248-111 248-248S393 8 256 8z\"><\/path><\/svg>\t\t\t\t\t\t<\/p>\n<h5>Cultura &#038; Tradi\u00e7\u00e3o<\/h5>\n<p>Um tributo \u00e0 ourivesaria de Gondomar, com pe\u00e7as e detalhes \u00fanicos em todo o hotel.<\/p>\n<p>\t\t\t\t\t\t\t\t\t\t03<br \/>\n\t\t\t\t\t    <svg aria-hidden=\"true\" viewBox=\"0 0 320 512\" xmlns=\"http:\/\/www.w3.org\/2000\/svg\"><path d=\"M208 96c26.5 0 48-21.5 48-48S234.5 0 208 0s-48 21.5-48 48 21.5 48 48 48zm94.5 149.1l-23.3-11.8-9.7-29.4c-14.7-44.6-55.7-75.8-102.2-75.9-36-.1-55.9 10.1-93.3 25.2-21.6 8.7-39.3 25.2-49.7 46.2L17.6 213c-7.8 15.8-1.5 35 14.2 42.9 15.6 7.9 34.6 1.5 42.5-14.3L81 228c3.5-7 9.3-12.5 16.5-15.4l26.8-10.8-15.2 60.7c-5.2 20.8.4 42.9 14.9 58.8l59.9 65.4c7.2 7.9 12.3 17.4 14.9 27.7l18.3 73.3c4.3 17.1 21.7 27.6 38.8 23.3 17.1-4.3 27.6-21.7 23.3-38.8l-22.2-89c-2.6-10.3-7.7-19.9-14.9-27.7l-45.5-49.7 17.2-68.7 5.5 16.5c5.3 16.1 16.7 29.4 31.7 37l23.3 11.8c15.6 7.9 34.6 1.5 42.5-14.3 7.7-15.7 1.4-35.1-14.3-43zM73.6 385.8c-3.2 8.1-8 15.4-14.2 21.5l-50 50.1c-12.5 12.5-12.5 32.8 0 45.3s32.7 12.5 45.2 0l59.4-59.4c6.1-6.1 10.9-13.4 14.2-21.5l13.5-33.8c-55.3-60.3-38.7-41.8-47.4-53.7l-20.7 51.5z\"><\/path><\/svg>\t\t\t\t\t\t<\/p>\n<h5>Localiza\u00e7\u00e3o Privilegiada<\/h5>\n<p>Perto do Porto, junto ao Douro, rodeado de paisagens e experi\u00eancias imperd\u00edveis.<\/p>\n<p>\t\t\t\t\t\t\t\t\t\t04<\/p>\n<h2>Projeto   em Constru\u00e7\u00e3o <\/h2>\n<p><p>Para mais informa\u00e7\u00f5es <a href=\"https:\/\/hotelmargemdouro.com\/index.php\/contacto\/\">contatar<\/a> pelos meios dispon\u00edveis<\/p>\n<\/p>\n<p>\t\t\t\t<a href=\"https:\/\/hotelmargemdouro.com\/index.php\/portfolio\/cotton-house\/\"><br \/>\n\t\t\t\t\t\t\t<img decoding=\"async\" src=\"http:\/\/hotelmargemdouro.com\/wp-content\/uploads\/2021\/09\/1-2.jpg\" alt=\"Cotton House\"><\/p>\n<h6>Interior  <\/h6>\n<h5>Cotton House<\/h5>\n<p>\t\t\t\t<\/a><br \/>\n\t\t\t\t<a href=\"https:\/\/hotelmargemdouro.com\/index.php\/portfolio\/armada-center\/\"><br \/>\n\t\t\t\t\t\t\t<img decoding=\"async\" src=\"http:\/\/hotelmargemdouro.com\/wp-content\/uploads\/2021\/09\/2-2.jpg\" alt=\"Armada Center\"><\/p>\n<h6>Exterior  <\/h6>\n<h5>Armada Center<\/h5>\n<p>\t\t\t\t<\/a><br \/>\n\t\t\t\t<a href=\"https:\/\/hotelmargemdouro.com\/index.php\/portfolio\/stonya-villa\/\"><br \/>\n\t\t\t\t\t\t\t<img decoding=\"async\" src=\"http:\/\/hotelmargemdouro.com\/wp-content\/uploads\/2021\/09\/3-2.jpg\" alt=\"Stonya Villa\"><\/p>\n<h6>Urban  <\/h6>\n<h5>Stonya Villa<\/h5>\n<p>\t\t\t\t<\/a><br \/>\n\t\t\t\t<a href=\"https:\/\/hotelmargemdouro.com\/index.php\/portfolio\/prime-hotel\/\"><br \/>\n\t\t\t\t\t\t\t<img decoding=\"async\" src=\"http:\/\/hotelmargemdouro.com\/wp-content\/uploads\/2021\/09\/4-2.jpg\" alt=\"Prime Hotel\"><\/p>\n<h6>Interior  <\/h6>\n<h5>Prime Hotel<\/h5>\n<p>\t\t\t\t<\/a> \t\t<\/p>\n<h2>Nosso   Blog <\/h2>\n<p>\t\t\t\t\t\t<a href=\"https:\/\/hotelmargemdouro.com\/index.php\/2025\/09\/09\/hotel-margem-douro-onde-o-rio-e-o-ouro-contam-historias\/\"><img decoding=\"async\" src=\"http:\/\/hotelmargemdouro.com\/wp-content\/uploads\/2025\/09\/Whisk_b03a6d8b2f.jpg\" alt=\"Hotel Margem D\u2019Ouro: Onde o Rio e o Ouro Contam Hist\u00f3rias\"><\/a><br \/>\n\t\t\t\t\t\t<a href=\"https:\/\/hotelmargemdouro.com\/index.php\/category\/uncategorized\/\" rel=\"category tag\">Uncategorized<\/a> &#8211; Setembro 9, 2025<\/p>\n<h5><a href=\"https:\/\/hotelmargemdouro.com\/index.php\/2025\/09\/09\/hotel-margem-douro-onde-o-rio-e-o-ouro-contam-historias\/\">Hotel Margem D\u2019Ouro: Onde o Rio e o Ouro Contam Hist\u00f3rias<\/a><\/h5>\n<p>\t\t\t\t\t\t<a href=\"https:\/\/hotelmargemdouro.com\/index.php\/2025\/09\/09\/5-razoes-para-escolher-o-hotel-margem-douro-na-sua-proxima-viagem-ao-douro\/\"><img decoding=\"async\" src=\"http:\/\/hotelmargemdouro.com\/wp-content\/uploads\/2025\/09\/Whisk_75526818c8.jpg\" alt=\"5 Raz\u00f5es Para Escolher o Hotel Margem D\u2019Ouro na Sua Pr\u00f3xima Viagem ao Douro\"><\/a><br \/>\n\t\t\t\t\t\t<a href=\"https:\/\/hotelmargemdouro.com\/index.php\/category\/hotel\/\" rel=\"category tag\">Hotel<\/a> &#8211; Setembro 9, 2025<\/p>\n<h5><a href=\"https:\/\/hotelmargemdouro.com\/index.php\/2025\/09\/09\/5-razoes-para-escolher-o-hotel-margem-douro-na-sua-proxima-viagem-ao-douro\/\">5 Raz\u00f5es Para Escolher o Hotel Margem D\u2019Ouro na Sua Pr\u00f3xima Viagem ao Douro<\/a><\/h5>\n<p>\t\t\t\t\t\t<a href=\"https:\/\/hotelmargemdouro.com\/index.php\/2025\/09\/09\/uma-noite-no-hotel-margem-douro-a-experiencia-de-descobrir-gondomar\/\"><img decoding=\"async\" src=\"http:\/\/hotelmargemdouro.com\/wp-content\/uploads\/2025\/09\/Whisk_0c2de08663.jpg\" alt=\"Uma Noite no Hotel Margem D\u2019Ouro: A Experi\u00eancia de Descobrir Gondomar\"><\/a><br \/>\n\t\t\t\t\t\t<a href=\"https:\/\/hotelmargemdouro.com\/index.php\/category\/hotel\/\" rel=\"category tag\">Hotel<\/a> &#8211; Setembro 9, 2025<\/p>\n<h5><a href=\"https:\/\/hotelmargemdouro.com\/index.php\/2025\/09\/09\/uma-noite-no-hotel-margem-douro-a-experiencia-de-descobrir-gondomar\/\">Uma Noite no Hotel Margem D\u2019Ouro: A Experi\u00eancia de Descobrir Gondomar<\/a><\/h5>\n<p>\t\t\t\t\t\t<a href=\"https:\/\/hotelmargemdouro.com\/index.php\/2025\/09\/09\/hotel-margem-douro-a-nova-referencia-de-hospitalidade-em-gondomar\/\"><img decoding=\"async\" src=\"http:\/\/hotelmargemdouro.com\/wp-content\/uploads\/2025\/09\/Whisk_585e82ff54.jpg\" alt=\"Hotel Margem D\u2019Ouro: A Nova Refer\u00eancia de Hospitalidade em Gondomar\"><\/a><br \/>\n\t\t\t\t\t\t<a href=\"https:\/\/hotelmargemdouro.com\/index.php\/category\/hotel\/\" rel=\"category tag\">Hotel<\/a> &#8211; Setembro 9, 2025<\/p>\n<h5><a href=\"https:\/\/hotelmargemdouro.com\/index.php\/2025\/09\/09\/hotel-margem-douro-a-nova-referencia-de-hospitalidade-em-gondomar\/\">Hotel Margem D\u2019Ouro: A Nova Refer\u00eancia de Hospitalidade em Gondomar<\/a><\/h5>\n<h4>Projeto   em Constru\u00e7\u00e3o <\/h4>\n<p>\t\t\t\t\t\t\t\t\t\t <img decoding=\"async\" src=\"https:\/\/hotelmargemdouro.com\/wp-content\/themes\/bauen\/includes\/images\/quot.png\" alt=\"quote\"><\/p>\n<p><p>Para mais informa\u00e7\u00f5es contatar pelos meios dispon\u00edveis.<\/p>\n<\/p>\n<p>\t\t\t\t    \t\t\t\t\t<a href=\"#0\" target=\"_self\" rel=\"noopener noreferrer\"><br \/>\n\t\t\t\t\t<img decoding=\"async\" src=\"http:\/\/hotelmargemdouro.com\/wp-content\/uploads\/2021\/09\/1.png\" alt=\"\"><br \/>\n\t\t\t\t\t\t\t\t\t\t<\/a><br \/>\n\t\t\t\t    \t\t\t\t\t<a href=\"#0\" target=\"_self\" rel=\"noopener noreferrer\"><br \/>\n\t\t\t\t\t<img decoding=\"async\" src=\"http:\/\/hotelmargemdouro.com\/wp-content\/uploads\/2021\/09\/2.png\" alt=\"\"><br \/>\n\t\t\t\t\t\t\t\t\t\t<\/a><br \/>\n\t\t\t\t    \t\t\t\t\t<a href=\"#0\" target=\"_self\" rel=\"noopener noreferrer\"><br \/>\n\t\t\t\t\t<img decoding=\"async\" src=\"http:\/\/hotelmargemdouro.com\/wp-content\/uploads\/2021\/09\/3.png\" alt=\"\"><br \/>\n\t\t\t\t\t\t\t\t\t\t<\/a><br \/>\n\t\t\t\t    \t\t\t\t\t<a href=\"#0\" target=\"_self\" rel=\"noopener noreferrer\"><br \/>\n\t\t\t\t\t<img decoding=\"async\" src=\"http:\/\/hotelmargemdouro.com\/wp-content\/uploads\/2021\/09\/4.png\" alt=\"\"><br \/>\n\t\t\t\t\t\t\t\t\t\t<\/a><br \/>\n\t\t\t\t    \t\t\t\t\t<a href=\"#0\" target=\"_self\" rel=\"noopener noreferrer\"><br \/>\n\t\t\t\t\t<img decoding=\"async\" src=\"http:\/\/hotelmargemdouro.com\/wp-content\/uploads\/2021\/09\/5.png\" alt=\"\"><br \/>\n\t\t\t\t\t\t\t\t\t\t<\/a><\/p>\n","protected":false},"excerpt":{"rendered":"<p>Onde a Tradi\u00e7\u00e3o Encontra o Conforto Descubra um ref\u00fagio acolhedor no cora\u00e7\u00e3o de Gondomar. Inspirado na riqueza cultural do Douro e na arte da ourivesaria local, o nosso hotel oferece uma estadia aut\u00eantica, relaxante e memor\u00e1vel. Durma no Cora\u00e7\u00e3o do Douro Acorde com vistas deslumbrantes para o Douro e mergulhe na ess\u00eancia da regi\u00e3o. O [&hellip;]<\/p>\n","protected":false},"author":1,"featured_media":0,"parent":0,"menu_order":0,"comment_status":"closed","ping_status":"closed","template":"","meta":{"footnotes":""},"class_list":["post-227","page","type-page","status-publish","hentry"],"_links":{"self":[{"href":"https:\/\/hotelmargemdouro.com\/index.php\/wp-json\/wp\/v2\/pages\/227","targetHints":{"allow":["GET"]}}],"collection":[{"href":"https:\/\/hotelmargemdouro.com\/index.php\/wp-json\/wp\/v2\/pages"}],"about":[{"href":"https:\/\/hotelmargemdouro.com\/index.php\/wp-json\/wp\/v2\/types\/page"}],"author":[{"embeddable":true,"href":"https:\/\/hotelmargemdouro.com\/index.php\/wp-json\/wp\/v2\/users\/1"}],"replies":[{"embeddable":true,"href":"https:\/\/hotelmargemdouro.com\/index.php\/wp-json\/wp\/v2\/comments?post=227"}],"version-history":[{"count":119,"href":"https:\/\/hotelmargemdouro.com\/index.php\/wp-json\/wp\/v2\/pages\/227\/revisions"}],"predecessor-version":[{"id":2999,"href":"https:\/\/hotelmargemdouro.com\/index.php\/wp-json\/wp\/v2\/pages\/227\/revisions\/2999"}],"wp:attachment":[{"href":"https:\/\/hotelmargemdouro.com\/index.php\/wp-json\/wp\/v2\/media?parent=227"}],"curies":[{"name":"wp","href":"https:\/\/api.w.org\/{rel}","templated":true}]}}